{"id":9,"date":"2025-12-23T09:42:42","date_gmt":"2025-12-23T09:42:42","guid":{"rendered":"https:\/\/staging.aliceai.io\/?page_id=9"},"modified":"2025-12-23T21:05:08","modified_gmt":"2025-12-23T21:05:08","slug":"about","status":"publish","type":"page","link":"https:\/\/staging.aliceai.io\/?page_id=9","title":{"rendered":"Yritys"},"content":{"rendered":"\n<div class=\"wp-block-cover alignfull\" style=\"margin-top:0;margin-bottom:0;padding-top:0;padding-bottom:0;min-height:866px;aspect-ratio:unset;\"><span aria-hidden=\"true\" class=\"wp-block-cover__background has-background-dim-100 has-background-dim\" style=\"background-color:#0c283f\"><\/span><div class=\"wp-block-cover__inner-container has-global-padding is-layout-constrained wp-block-cover-is-layout-constrained\">\n<p class=\"has-text-align-center has-border-color has-white-color has-text-color has-max-48-font-size\" style=\"border-color:#66ffff;border-width:6px;border-radius:60px;padding-top:var(--wp--preset--spacing--x-large);padding-bottom:var(--wp--preset--spacing--x-large);font-style:normal;font-weight:900;line-height:1.2\">AliceAI Learning\u00ae<\/p>\n\n\n\n<p><\/p>\n\n\n\n<p class=\"has-text-align-center has-white-color has-text-color\" style=\"margin-top:var(--wp--preset--spacing--x-small);margin-right:0;margin-bottom:var(--wp--preset--spacing--x-small);margin-left:0;font-size:clamp(18.959px, 1.185rem + ((1vw - 3.2px) * 0.977), 30px);\"><br><em>Edist\u00e4mme kielenoppimista yhteiskunnan <\/em><br><em>kriittisill\u00e4 toimialoilla.<\/em><\/p>\n\n\n\n<p class=\"has-text-align-center has-white-color has-text-color\" style=\"margin-top:var(--wp--preset--spacing--x-small);margin-right:0;margin-bottom:var(--wp--preset--spacing--x-small);margin-left:0;font-size:clamp(18.959px, 1.185rem + ((1vw - 3.2px) * 0.977), 30px);\"><\/p>\n\n\n\n<p class=\"has-text-align-center has-white-color has-text-color\" style=\"margin-top:var(--wp--preset--spacing--x-small);margin-right:0;margin-bottom:var(--wp--preset--spacing--x-small);margin-left:0;font-size:clamp(18.959px, 1.185rem + ((1vw - 3.2px) * 0.977), 30px);\"><\/p>\n\n\n\n<div style=\"height:55px\" aria-hidden=\"true\" class=\"wp-block-spacer\"><\/div>\n\n\n\n<div class=\"wp-block-buttons is-content-justification-center is-layout-flex wp-container-core-buttons-is-layout-a89b3969 wp-block-buttons-is-layout-flex\">\n<div class=\"wp-block-button is-style-outline is-style-outline--1\"><a class=\"wp-block-button__link has-primary-color has-text-color has-background wp-element-button\" href=\"#\" style=\"border-radius:30px;background-color:#66ffff;padding-right:var(--wp--preset--spacing--medium);padding-left:var(--wp--preset--spacing--medium)\"><strong>Ota yhteytt\u00e4<\/strong><\/a><\/div>\n<\/div>\n<\/div><\/div>\n\n\n\n<div class=\"wp-block-cover alignfull has-parallax is-position-center-center\" style=\"border-radius:0px\"><div class=\"wp-block-cover__image-background wp-image-158 size-large has-parallax\" style=\"background-position:50% 50%;background-image:url(https:\/\/staging.aliceai.io\/wp-content\/uploads\/2025\/12\/7-1024x576.jpg)\"><\/div><span aria-hidden=\"true\" class=\"wp-block-cover__background has-black-background-color has-background-dim-40 has-background-dim\"><\/span><div class=\"wp-block-cover__inner-container is-layout-flow wp-block-cover-is-layout-flow\">\n<div class=\"wp-block-group has-global-padding is-layout-constrained wp-block-group-is-layout-constrained\">\n<h3 class=\"wp-block-heading has-text-align-center has-text-color has-large-font-size\" style=\"color:#fffffa;text-transform:none\"><br><strong><strong>Autamme ammattilaisia toimimaan yhdess\u00e4 tilanteissa, joissa viestinn\u00e4n oikeellisuus ja sujuvuus ovat elint\u00e4rkeit\u00e4.<\/strong><\/strong><\/h3>\n\n\n\n<p class=\"has-text-align-center has-white-color has-text-color\"><\/p>\n\n\n\n<div style=\"height:31px\" aria-hidden=\"true\" class=\"wp-block-spacer\"><\/div>\n\n\n\n<div class=\"wp-block-buttons is-horizontal is-content-justification-center is-layout-flex wp-container-core-buttons-is-layout-03627597 wp-block-buttons-is-layout-flex\"><\/div>\n<\/div>\n<\/div><\/div>\n\n\n\n<div class=\"wp-block-group alignfull has-text-color has-background has-link-color wp-elements-0fc604d10a94364593e971fec20bb2c3 has-global-padding is-layout-constrained wp-block-group-is-layout-constrained\" style=\"color:#0c283f;background-color:#f1f3ff\">\n<div class=\"wp-block-group has-global-padding is-layout-constrained wp-block-group-is-layout-constrained\" style=\"padding-top:var(--wp--preset--spacing--small);padding-bottom:var(--wp--preset--spacing--small)\">\n<div style=\"height:30px\" aria-hidden=\"true\" class=\"wp-block-spacer\"><\/div>\n\n\n\n<div class=\"wp-block-columns is-layout-flex wp-container-core-columns-is-layout-c375d253 wp-block-columns-is-layout-flex\">\n<div class=\"wp-block-column is-vertically-aligned-center is-layout-flow wp-block-column-is-layout-flow\">\n<h2 class=\"wp-block-heading has-text-color has-link-color has-large-font-size wp-elements-96e6328cf0fa8a5d354f39897fd21058\" style=\"color:#0c283f;text-transform:none\">Yritystarina<\/h2>\n\n\n\n<p class=\"has-text-color has-link-color wp-elements-fdf6260c31b003b324806b41d81dcc38\" style=\"color:#0c283f\"><strong>AliceAI Learning syntyi tarpeesta rakentaa turvallisempaa ja toimivampaa yhteiskuntaa yhteisen kielen avulla.<\/strong> Olemme suomalainen teknologiayritys, joka kehitt\u00e4\u00e4 ty\u00f6el\u00e4m\u00e4l\u00e4ht\u00f6ist\u00e4 kielenoppimissovellusta ja kieliosaamisen johtamisen ratkaisua yrityksille ja organisaatioille \u2013 erityisesti yhteiskunnan toiminnan kannalta kriittisille toimialoille, kuten puolustus- ja sote-sektorille.<\/p>\n\n\n\n<p class=\"has-text-color has-link-color wp-elements-25f010bcf0dfdd5fcb793e08c4843f76\" style=\"color:#0c283f\">Yrityksen tarina alkoi henkil\u00f6kohtaisesta oivalluksesta. Toimitusjohtajamme Anne-Mari Pitk\u00e4nen ty\u00f6skenteli luokanopettajana ja opiskeli tietojenk\u00e4sittelytiedett\u00e4, kun h\u00e4n t\u00f6rm\u00e4si samaan ongelmaan yh\u00e4 uudelleen: puutteellinen kielitaito esti ammattilaisia hy\u00f6dynt\u00e4m\u00e4st\u00e4 t\u00e4ytt\u00e4 potentiaaliaan ty\u00f6el\u00e4m\u00e4ss\u00e4. H\u00e4n kaipasi kielenoppimiseen tarkkaa palautetta sek\u00e4 tapaa tehd\u00e4 oma kielitaito n\u00e4kyv\u00e4ksi \u2013 mutta sopivaa ratkaisua ei ollut olemassa. N\u00e4in syntyi ensimm\u00e4inen ajatus AliceAI:sta.<\/p>\n\n\n\n<p><strong>AliceAI Learning perustettiin vuonna 2024 Lepp\u00e4virralla.<\/strong> Kehitt\u00e4m\u00e4mme ratkaisu yhdist\u00e4\u00e4 pedagogiikan, tutkimuksen, teknologian ja luovuuden tavalla, joka vastaa todellisiin ty\u00f6el\u00e4m\u00e4n tarpeisiin. Meille yhteinen kieli ei ole vain viestint\u00e4v\u00e4line, vaan turvallisuuskysymys. Kriittisiss\u00e4 tilanteissa viestinn\u00e4n sujuvuus ja oikeellisuus voivat olla elint\u00e4rkeit\u00e4, ja puutteellinen kielitaito voi vaarantaa jopa ihmishenki\u00e4.<\/p>\n\n\n\n<p>Kun kielitaito kehittyy, kasvaa my\u00f6s varmuus toimia paineen alla. Sujuva kielitaito antaa tilaa keskitty\u00e4 omaan ty\u00f6h\u00f6n ja omiin ammatillisiin vahvuuksiin.<\/p>\n\n\n\n<p class=\"has-text-color has-link-color wp-elements-0b5dff5c8083171df881b9f59da7c48a\" style=\"color:#0c283f\"><strong>Tavoitteemme on rakentaa turvallisempi maailma yhteisen kielen avulla.<\/strong><\/p>\n\n\n\n<div class=\"wp-block-buttons is-horizontal is-content-justification-left is-layout-flex wp-container-core-buttons-is-layout-20be11b6 wp-block-buttons-is-layout-flex\"><\/div>\n\n\n\n<p><\/p>\n<\/div>\n<\/div>\n\n\n\n<div style=\"height:30px\" aria-hidden=\"true\" class=\"wp-block-spacer\"><\/div>\n<\/div>\n<\/div>\n\n\n\n<div class=\"wp-block-group alignfull has-background has-global-padding is-layout-constrained wp-block-group-is-layout-constrained\" style=\"background-color:#19676d\">\n<div class=\"wp-block-group has-global-padding is-layout-constrained wp-block-group-is-layout-constrained\" style=\"padding-top:var(--wp--preset--spacing--small);padding-bottom:var(--wp--preset--spacing--small)\">\n<div style=\"height:30px\" aria-hidden=\"true\" class=\"wp-block-spacer\"><\/div>\n\n\n\n<div class=\"wp-block-columns are-vertically-aligned-center is-layout-flex wp-container-core-columns-is-layout-c375d253 wp-block-columns-is-layout-flex\">\n<div class=\"wp-block-column is-vertically-aligned-center has-max-60-font-size is-layout-flow wp-block-column-is-layout-flow\">\n<h1 class=\"wp-block-heading has-white-color has-text-color has-link-color has-max-72-font-size wp-elements-0262013a65e816b02fe8188a975a8b7e\" style=\"margin-top:var(--wp--preset--spacing--small);margin-right:var(--wp--preset--spacing--x-small);margin-bottom:var(--wp--preset--spacing--small);margin-left:var(--wp--preset--spacing--x-small)\">Turvallisempi maailma yhteisen kielen avulla<\/h1>\n<\/div>\n\n\n\n<div class=\"wp-block-column is-vertically-aligned-center is-layout-flow wp-block-column-is-layout-flow\">\n<h2 class=\"wp-block-heading has-white-color has-text-color has-link-color has-medium-font-size wp-elements-c2339379a22b90f5ffd5d1327e90e762\" style=\"text-transform:uppercase\"><\/h2>\n\n\n\n<p class=\"has-white-color has-text-color has-link-color has-medium-font-size wp-elements-ae6b4aae74f06dced176d38b9e2b8112\">Rakennamme turvallisempaa ja yhdenvertaisempaa maailmaa yhteisen kielen avulla. <br><br>Autamme ihmisi\u00e4 ymm\u00e4rt\u00e4m\u00e4\u00e4n toisiaan paremmin ammatillisissa vuorovaikutustilanteissa, v\u00e4henn\u00e4mme v\u00e4\u00e4rink\u00e4sityksi\u00e4 ja edist\u00e4mme yhteisty\u00f6t\u00e4 yli kieli- ja kulttuurirajojen.<\/p>\n\n\n\n<div class=\"wp-block-buttons is-layout-flex wp-block-buttons-is-layout-flex\"><\/div>\n<\/div>\n<\/div>\n\n\n\n<div style=\"height:30px\" aria-hidden=\"true\" class=\"wp-block-spacer\"><\/div>\n<\/div>\n<\/div>\n\n\n\n<div id=\"services\" class=\"wp-block-group alignfull pattern_multiple_covers has-background has-background-background-color has-global-padding is-layout-constrained wp-block-group-is-layout-constrained\" style=\"border-style:none;border-width:0px;min-height:0px;padding-top:0;padding-bottom:0\">\n<div style=\"height:84px;width:0px\" aria-hidden=\"true\" class=\"wp-block-spacer\"><\/div>\n\n\n\n<p class=\"has-text-align-left has-secondary-color has-text-color\" style=\"letter-spacing:1px\"><\/p>\n\n\n\n<h2 class=\"wp-block-heading has-text-align-left has-text-color has-link-color has-large-font-size wp-elements-b59f2e5783a67bbc5f7ddca3cf1e06dd\" style=\"color:#0c283f\">AliceAI Learning\u00ae on r\u00e4\u00e4t\u00e4l\u00f6ity puolustussektorin ja terveydenhuollon vaativiin toimintaymp\u00e4rist\u00f6ihin, joissa kielellinen varmuus tukee turvallista ja tehokasta toimintaa.<\/h2>\n\n\n\n<p class=\"has-text-align-left\"><\/p>\n\n\n\n<div style=\"height:46px;width:0px\" aria-hidden=\"true\" class=\"wp-block-spacer\"><\/div>\n\n\n\n<div class=\"wp-block-columns is-layout-flex wp-container-core-columns-is-layout-28f84493 wp-block-columns-is-layout-flex\">\n<div class=\"wp-block-column is-layout-flow wp-block-column-is-layout-flow\" style=\"padding-top:0;padding-right:0;padding-bottom:0;padding-left:0\">\n<div class=\"wp-block-cover has-custom-content-position is-position-bottom-left\" style=\"padding-top:var(--wp--preset--spacing--small);padding-right:var(--wp--preset--spacing--x-small);padding-bottom:var(--wp--preset--spacing--small);padding-left:var(--wp--preset--spacing--x-small)\"><img loading=\"lazy\" decoding=\"async\" width=\"1024\" height=\"576\" class=\"wp-block-cover__image-background wp-image-114 size-large\" alt=\"\" src=\"https:\/\/staging.aliceai.io\/wp-content\/uploads\/2025\/12\/2-1024x576.jpg\" data-object-fit=\"cover\" srcset=\"https:\/\/staging.aliceai.io\/wp-content\/uploads\/2025\/12\/2-1024x576.jpg 1024w, https:\/\/staging.aliceai.io\/wp-content\/uploads\/2025\/12\/2-300x169.jpg 300w, https:\/\/staging.aliceai.io\/wp-content\/uploads\/2025\/12\/2.jpg 1920w\" sizes=\"auto, (max-width: 1024px) 100vw, 1024px\" \/><span aria-hidden=\"true\" class=\"wp-block-cover__background has-primary-background-color has-background-dim-70 has-background-dim\"><\/span><div class=\"wp-block-cover__inner-container is-layout-flow wp-block-cover-is-layout-flow\">\n<h3 class=\"wp-block-heading has-white-color has-text-color\" style=\"margin-top:0;margin-right:0;margin-bottom:0;margin-left:0;font-size:clamp(18.959px, 1.185rem + ((1vw - 3.2px) * 0.977), 30px);\">AliceAI Learning\u00ae Defence <\/h3>\n\n\n\n<p><\/p>\n\n\n\n<p class=\"has-secondary-color has-text-color has-link-color wp-elements-ece347d1b8f9ea273579325304b4653e\" style=\"margin-top:0;margin-right:0;margin-bottom:0;margin-left:0\"><a href=\"https:\/\/staging.aliceai.io\/?page_id=69\" data-type=\"page\" data-id=\"69\">Katso lis\u00e4\u00e4 \u2192<\/a><\/p>\n<\/div><\/div>\n<\/div>\n\n\n\n<div class=\"wp-block-column is-layout-flow wp-block-column-is-layout-flow\" style=\"padding-top:0;padding-right:0;padding-bottom:0;padding-left:0\">\n<div class=\"wp-block-cover has-custom-content-position is-position-bottom-left\" style=\"padding-top:var(--wp--preset--spacing--small);padding-right:var(--wp--preset--spacing--x-small);padding-bottom:var(--wp--preset--spacing--small);padding-left:var(--wp--preset--spacing--x-small)\"><img loading=\"lazy\" decoding=\"async\" width=\"1024\" height=\"576\" class=\"wp-block-cover__image-background wp-image-115 size-large\" alt=\"\" src=\"https:\/\/staging.aliceai.io\/wp-content\/uploads\/2025\/12\/3-1024x576.jpg\" data-object-fit=\"cover\" srcset=\"https:\/\/staging.aliceai.io\/wp-content\/uploads\/2025\/12\/3-1024x576.jpg 1024w, https:\/\/staging.aliceai.io\/wp-content\/uploads\/2025\/12\/3-300x169.jpg 300w, https:\/\/staging.aliceai.io\/wp-content\/uploads\/2025\/12\/3.jpg 1920w\" sizes=\"auto, (max-width: 1024px) 100vw, 1024px\" \/><span aria-hidden=\"true\" class=\"wp-block-cover__background has-primary-background-color has-background-dim-70 has-background-dim\"><\/span><div class=\"wp-block-cover__inner-container is-layout-flow wp-block-cover-is-layout-flow\">\n<h3 class=\"wp-block-heading has-white-color has-text-color\" style=\"margin-top:0;margin-right:0;margin-bottom:0;margin-left:0;font-size:clamp(18.959px, 1.185rem + ((1vw - 3.2px) * 0.977), 30px);\">AliceAI Learning\u00ae Healthcare<br><\/h3>\n\n\n\n<p class=\"has-secondary-color has-text-color has-link-color wp-elements-e341d25d5d2cde9447f8b17ddeabce89\" style=\"margin-top:0;margin-right:0;margin-bottom:0;margin-left:0\"><a href=\"https:\/\/staging.aliceai.io\/?page_id=188\" data-type=\"page\" data-id=\"188\">Katso lis\u00e4\u00e4 \u2192<\/a><\/p>\n<\/div><\/div>\n<\/div>\n\n\n\n<div class=\"wp-block-column is-layout-flow wp-block-column-is-layout-flow\" style=\"padding-top:0;padding-right:0;padding-bottom:0;padding-left:0\">\n<div class=\"wp-block-cover has-custom-content-position is-position-bottom-left\" style=\"padding-top:var(--wp--preset--spacing--small);padding-right:var(--wp--preset--spacing--x-small);padding-bottom:var(--wp--preset--spacing--small);padding-left:var(--wp--preset--spacing--x-small)\"><img loading=\"lazy\" decoding=\"async\" width=\"1024\" height=\"576\" class=\"wp-block-cover__image-background wp-image-116 size-large\" alt=\"\" src=\"https:\/\/staging.aliceai.io\/wp-content\/uploads\/2025\/12\/9-1024x576.jpg\" data-object-fit=\"cover\" srcset=\"https:\/\/staging.aliceai.io\/wp-content\/uploads\/2025\/12\/9-1024x576.jpg 1024w, https:\/\/staging.aliceai.io\/wp-content\/uploads\/2025\/12\/9-300x169.jpg 300w, https:\/\/staging.aliceai.io\/wp-content\/uploads\/2025\/12\/9.jpg 1920w\" sizes=\"auto, (max-width: 1024px) 100vw, 1024px\" \/><span aria-hidden=\"true\" class=\"wp-block-cover__background has-primary-background-color has-background-dim-70 has-background-dim\"><\/span><div class=\"wp-block-cover__inner-container is-layout-flow wp-block-cover-is-layout-flow\">\n<h3 class=\"wp-block-heading has-white-color has-text-color\" style=\"margin-top:0;margin-right:0;margin-bottom:0;margin-left:0;font-size:clamp(18.959px, 1.185rem + ((1vw - 3.2px) * 0.977), 30px);\">AliceAI Learning\u00ae General FI<br><\/h3>\n\n\n\n<p class=\"has-secondary-color has-text-color has-link-color wp-elements-1dbd57cdaf3897720448d4c3f28c7988\" style=\"margin-top:0;margin-right:0;margin-bottom:0;margin-left:0\"><a href=\"https:\/\/staging.aliceai.io\/?page_id=192\" data-type=\"page\" data-id=\"192\">Katso lis\u00e4\u00e4 \u2192<\/a><\/p>\n<\/div><\/div>\n<\/div>\n<\/div>\n\n\n\n<div style=\"height:103px;width:0px\" aria-hidden=\"true\" class=\"wp-block-spacer\"><\/div>\n<\/div>\n\n\n\n<div id=\"team\" class=\"wp-block-group has-global-padding is-layout-constrained wp-block-group-is-layout-constrained\">\n<div class=\"wp-block-group is-layout-flow wp-block-group-is-layout-flow\">\n<div style=\"height:74px\" aria-hidden=\"true\" class=\"wp-block-spacer\"><\/div>\n\n\n\n<p class=\"has-secondary-color has-text-color has-link-color has-medium-font-size wp-elements-bd2ba92a49f0af05fd3e96c41dbb67e6\" style=\"letter-spacing:1px\">KEIT\u00c4 ME OLEMME<\/p>\n\n\n\n<h2 class=\"wp-block-heading has-text-color has-link-color has-large-font-size wp-elements-48764cf6923b61eccda1932dee271ede\" style=\"color:#0c283f\">AliceAI-tiimi<\/h2>\n\n\n\n<p class=\"has-text-color has-link-color wp-elements-3212e1c18c90a7dfb8c6cbb0efbc4f3e\" style=\"color:#0c283f\">AliceAI Learningin taustalla toimii tiimi, jossa yhdistyv\u00e4t opetuksen, kielitieteen, hoitoalan ja ohjelmistokehityksen asiantuntemus. Meit\u00e4 yhdist\u00e4\u00e4 vahva arvopohja: elinik\u00e4inen oppiminen, yhdenvertaisuus ja kest\u00e4v\u00e4 kehitys. Uskomme, ett\u00e4 teknologiaa voidaan k\u00e4ytt\u00e4\u00e4 aidosti merkityksellisten ja vaikuttavien ratkaisujen rakentamiseen.<\/p>\n\n\n\n<div style=\"height:27px\" aria-hidden=\"true\" class=\"wp-block-spacer\"><\/div>\n\n\n\n<div style=\"height:0px\" aria-hidden=\"true\" class=\"wp-block-spacer\"><\/div>\n\n\n\n<div class=\"wp-block-columns is-layout-flex wp-container-core-columns-is-layout-28f84493 wp-block-columns-is-layout-flex\">\n<div class=\"wp-block-column is-style-default is-layout-flow wp-block-column-is-layout-flow\" style=\"border-style:none;border-width:0px;padding-top:0;padding-right:0;padding-bottom:0;padding-left:0\">\n<figure class=\"wp-block-image size-full is-style-default\"><img loading=\"lazy\" decoding=\"async\" width=\"1080\" height=\"1080\" src=\"https:\/\/staging.aliceai.io\/wp-content\/uploads\/2025\/12\/1.png\" alt=\"\" class=\"wp-image-272\" srcset=\"https:\/\/staging.aliceai.io\/wp-content\/uploads\/2025\/12\/1.png 1080w, https:\/\/staging.aliceai.io\/wp-content\/uploads\/2025\/12\/1-300x300.png 300w, https:\/\/staging.aliceai.io\/wp-content\/uploads\/2025\/12\/1-1024x1024.png 1024w, https:\/\/staging.aliceai.io\/wp-content\/uploads\/2025\/12\/1-150x150.png 150w\" sizes=\"auto, (max-width: 1080px) 100vw, 1080px\" \/><\/figure>\n\n\n\n<h3 class=\"wp-block-heading has-text-align-center has-secondary-color has-text-color has-link-color has-large-font-size wp-elements-b154c7e12375d20d61c71d5261fb4260\">Anne-Mari Pitk\u00e4nen<\/h3>\n\n\n\n<p class=\"has-text-align-center has-tertiary-color has-text-color has-link-color wp-elements-ea6f1ecbfdae6028cbcf1c9345d239c8\">Perustaja ja yritt\u00e4j\u00e4 \/ toimitusjohtaja<\/p>\n\n\n\n<p class=\"has-text-align-center has-text-color has-link-color wp-elements-f49ef755cbecf3d96d4172d6da80a66f\" style=\"color:#0c283f\">Kasvatustieteen maisteri, luonnontieteiden kandidaatti, v\u00e4it\u00f6skirjatutkija<\/p>\n\n\n\n<figure class=\"wp-block-image size-full is-style-default\"><img loading=\"lazy\" decoding=\"async\" width=\"1080\" height=\"1080\" src=\"https:\/\/staging.aliceai.io\/wp-content\/uploads\/2025\/12\/3.png\" alt=\"\" class=\"wp-image-275\" srcset=\"https:\/\/staging.aliceai.io\/wp-content\/uploads\/2025\/12\/3.png 1080w, https:\/\/staging.aliceai.io\/wp-content\/uploads\/2025\/12\/3-300x300.png 300w, https:\/\/staging.aliceai.io\/wp-content\/uploads\/2025\/12\/3-1024x1024.png 1024w, https:\/\/staging.aliceai.io\/wp-content\/uploads\/2025\/12\/3-150x150.png 150w\" sizes=\"auto, (max-width: 1080px) 100vw, 1080px\" \/><\/figure>\n\n\n\n<h3 class=\"wp-block-heading has-text-align-center has-secondary-color has-text-color has-link-color has-large-font-size wp-elements-c99d33c9d41e7f877745b6687541a777\">P\u00e4ivi Leinonen<\/h3>\n\n\n\n<p class=\"has-text-align-center has-tertiary-color has-text-color has-link-color wp-elements-eb79c33bb437944ae3f6600b94f394e2\">Language Learning Specialist<\/p>\n\n\n\n<p class=\"has-text-align-center has-text-color has-link-color wp-elements-a7c0db5c6abe9433fecdabea2dea83da\" style=\"color:#0c283f\">Filosofian maisteri<\/p>\n<\/div>\n\n\n\n<div class=\"wp-block-column is-style-default is-layout-flow wp-block-column-is-layout-flow\" style=\"border-style:none;border-width:0px;padding-top:0;padding-right:0;padding-bottom:0;padding-left:0\">\n<figure class=\"wp-block-image size-full\"><img loading=\"lazy\" decoding=\"async\" width=\"1080\" height=\"1080\" src=\"https:\/\/staging.aliceai.io\/wp-content\/uploads\/2025\/12\/2.png\" alt=\"\" class=\"wp-image-273\" srcset=\"https:\/\/staging.aliceai.io\/wp-content\/uploads\/2025\/12\/2.png 1080w, https:\/\/staging.aliceai.io\/wp-content\/uploads\/2025\/12\/2-300x300.png 300w, https:\/\/staging.aliceai.io\/wp-content\/uploads\/2025\/12\/2-1024x1024.png 1024w, https:\/\/staging.aliceai.io\/wp-content\/uploads\/2025\/12\/2-150x150.png 150w\" sizes=\"auto, (max-width: 1080px) 100vw, 1080px\" \/><\/figure>\n\n\n\n<h3 class=\"wp-block-heading has-text-align-center has-secondary-color has-text-color has-link-color has-large-font-size wp-elements-e6468de09f7e3a43b1fdb29e433380e4\">Aleksi Pitk\u00e4nen<\/h3>\n\n\n\n<p class=\"has-text-align-center has-tertiary-color has-text-color has-link-color wp-elements-c33e16ab7b0ee2a96f4adc69558ae604\">CTO<\/p>\n\n\n\n<p class=\"has-text-align-center has-text-color has-link-color wp-elements-77fbffdc31ea140877fecd3adade1c83\" style=\"color:#0c283f\">Tietotekniikan <br>insin\u00f6\u00f6ri<\/p>\n\n\n\n<figure class=\"wp-block-image size-full\"><img loading=\"lazy\" decoding=\"async\" width=\"1080\" height=\"1080\" src=\"https:\/\/staging.aliceai.io\/wp-content\/uploads\/2025\/12\/5.png\" alt=\"\" class=\"wp-image-276\" srcset=\"https:\/\/staging.aliceai.io\/wp-content\/uploads\/2025\/12\/5.png 1080w, https:\/\/staging.aliceai.io\/wp-content\/uploads\/2025\/12\/5-300x300.png 300w, https:\/\/staging.aliceai.io\/wp-content\/uploads\/2025\/12\/5-1024x1024.png 1024w, https:\/\/staging.aliceai.io\/wp-content\/uploads\/2025\/12\/5-150x150.png 150w\" sizes=\"auto, (max-width: 1080px) 100vw, 1080px\" \/><\/figure>\n\n\n\n<h3 class=\"wp-block-heading has-text-align-center has-secondary-color has-text-color has-link-color has-large-font-size wp-elements-8dd748fc7d6a995cc33feb0993828b19\">Joonas Kuokkanen<\/h3>\n\n\n\n<p class=\"has-text-align-center has-tertiary-color has-text-color has-link-color wp-elements-b0309f1ea1444e73535be8a86c2b9bff\">Software development intern<\/p>\n\n\n\n<p class=\"has-text-align-center has-text-color has-link-color wp-elements-24ee614cb1d96b4a065bc87cb21d75c1\" style=\"color:#0c283f\">Tieto- ja viestint\u00e4tekniikan <br>insin\u00f6\u00f6ri<\/p>\n<\/div>\n\n\n\n<div class=\"wp-block-column is-style-default is-layout-flow wp-block-column-is-layout-flow\" style=\"border-style:none;border-width:0px;padding-top:0;padding-right:0;padding-bottom:0;padding-left:0\">\n<figure class=\"wp-block-image size-full\"><img loading=\"lazy\" decoding=\"async\" width=\"1080\" height=\"1080\" src=\"https:\/\/staging.aliceai.io\/wp-content\/uploads\/2025\/12\/4.png\" alt=\"\" class=\"wp-image-274\" srcset=\"https:\/\/staging.aliceai.io\/wp-content\/uploads\/2025\/12\/4.png 1080w, https:\/\/staging.aliceai.io\/wp-content\/uploads\/2025\/12\/4-300x300.png 300w, https:\/\/staging.aliceai.io\/wp-content\/uploads\/2025\/12\/4-1024x1024.png 1024w, https:\/\/staging.aliceai.io\/wp-content\/uploads\/2025\/12\/4-150x150.png 150w\" sizes=\"auto, (max-width: 1080px) 100vw, 1080px\" \/><\/figure>\n\n\n\n<h3 class=\"wp-block-heading has-text-align-center has-secondary-color has-text-color has-link-color has-large-font-size wp-elements-944a8650e019a10b7b44cacc1432644b\">Ilona Juvonen<\/h3>\n\n\n\n<p class=\"has-text-align-center has-tertiary-color has-text-color has-link-color wp-elements-e5fe0685ab53d4f57886e888a919daa0\">Software Developer<\/p>\n\n\n\n<p class=\"has-text-align-center has-text-color has-link-color wp-elements-64be9992820d3010a4608b6eac872b10\" style=\"color:#0c283f\">Tieto- ja viestint\u00e4tekniikan insin\u00f6\u00f6ri, <br>l\u00e4hihoitaja<\/p>\n<\/div>\n<\/div>\n\n\n\n<div style=\"height:63px\" aria-hidden=\"true\" class=\"wp-block-spacer\"><\/div>\n\n\n\n<div class=\"wp-block-buttons is-content-justification-center is-layout-flex wp-container-core-buttons-is-layout-a89b3969 wp-block-buttons-is-layout-flex\"><\/div>\n<\/div>\n<\/div>\n\n\n\n<p><\/p>\n","protected":false},"excerpt":{"rendered":"<p>Yritystarina AliceAI Learning syntyi tarpeesta rakentaa turvallisempaa ja toimivampaa yhteiskuntaa yhteisen kielen avulla. Olemme suomalainen teknologiayritys, joka kehitt\u00e4\u00e4 ty\u00f6el\u00e4m\u00e4l\u00e4ht\u00f6ist\u00e4 kielenoppimissovellusta ja kieliosaamisen johtamisen ratkaisua yrityksille ja organisaatioille \u2013 erityisesti yhteiskunnan toiminnan kannalta kriittisille toimialoille, kuten puolustus- ja sote-sektorille. Yrityksen tarina alkoi henkil\u00f6kohtaisesta oivalluksesta. Toimitusjohtajamme Anne-Mari Pitk\u00e4nen ty\u00f6skenteli luokanopettajana ja opiskeli tietojenk\u00e4sittelytiedett\u00e4, kun h\u00e4n t\u00f6rm\u00e4si samaan &hellip; <\/p>\n<p class=\"link-more\"><a href=\"https:\/\/staging.aliceai.io\/?page_id=9\" class=\"more-link\">Read more<span class=\"screen-reader-text\"> &#8220;Yritys&#8221;<\/span><\/a><\/p>\n","protected":false},"author":1,"featured_media":158,"parent":0,"menu_order":0,"comment_status":"closed","ping_status":"closed","template":"page-templates\/homepage-builder-bb.php","meta":{"inspiro_hide_title":false,"footnotes":""},"class_list":["post-9","page","type-page","status-publish","has-post-thumbnail","hentry"],"_links":{"self":[{"href":"https:\/\/staging.aliceai.io\/index.php?rest_route=\/wp\/v2\/pages\/9","targetHints":{"allow":["GET"]}}],"collection":[{"href":"https:\/\/staging.aliceai.io\/index.php?rest_route=\/wp\/v2\/pages"}],"about":[{"href":"https:\/\/staging.aliceai.io\/index.php?rest_route=\/wp\/v2\/types\/page"}],"author":[{"embeddable":true,"href":"https:\/\/staging.aliceai.io\/index.php?rest_route=\/wp\/v2\/users\/1"}],"replies":[{"embeddable":true,"href":"https:\/\/staging.aliceai.io\/index.php?rest_route=%2Fwp%2Fv2%2Fcomments&post=9"}],"version-history":[{"count":29,"href":"https:\/\/staging.aliceai.io\/index.php?rest_route=\/wp\/v2\/pages\/9\/revisions"}],"predecessor-version":[{"id":359,"href":"https:\/\/staging.aliceai.io\/index.php?rest_route=\/wp\/v2\/pages\/9\/revisions\/359"}],"wp:featuredmedia":[{"embeddable":true,"href":"https:\/\/staging.aliceai.io\/index.php?rest_route=\/wp\/v2\/media\/158"}],"wp:attachment":[{"href":"https:\/\/staging.aliceai.io\/index.php?rest_route=%2Fwp%2Fv2%2Fmedia&parent=9"}],"curies":[{"name":"wp","href":"https:\/\/api.w.org\/{rel}","templated":true}]}}